{"id":11619,"date":"2023-06-10T03:39:21","date_gmt":"2023-06-10T02:39:21","guid":{"rendered":"https:\/\/partizansko.info\/spomen-ploce\/"},"modified":"2023-09-02T22:02:29","modified_gmt":"2023-09-02T21:02:29","slug":"spomen-ploce","status":"publish","type":"page","link":"https:\/\/partizansko.info\/en\/spomen-ploce\/","title":{"rendered":"Memorial stones"},"content":{"rendered":"<!--themify_builder_content-->\n<div id=\"themify_builder_content-11619\" data-postid=\"11619\" class=\"themify_builder_content themify_builder_content-11619 themify_builder tf_clear\">\n                    <div  data-css_id=\"ef54065\" data-lazy=\"1\" class=\"module_row themify_builder_row fullwidth_row_container tb_ef54065 tb_first tf_w\">\n            <span  class=\"builder_row_cover tf_abs\" data-lazy=\"1\"><\/span><span class=\"tb_row_frame_wrap tf_overflow tf_abs\" data-lazy=\"1\"><span class=\"tb_row_frame tb_row_frame_bottom in_front tf_abs tf_hide tf_overflow tf_w\"><\/span><\/span>            <div class=\"row_inner col_align_top tb_col_count_1 tf_box tf_rel\">\n                        <div  data-lazy=\"1\" class=\"module_column tb-column col-full tb_bqwu515 first\">\n                    <!-- module text -->\n<div  class=\"module module-text tb_38ia255   \" data-lazy=\"1\">\n        <div  class=\"tb_text_wrap\">\n        <h1>Memorial stones<\/h1>    <\/div>\n<\/div>\n<!-- \/module text -->        <\/div>\n                        <\/div>\n        <\/div>\n                        <div  data-css_id=\"v6j1254\" data-lazy=\"1\" class=\"module_row themify_builder_row fullwidth_row_container tb_v6j1254 tf_w\">\n            <span class=\"tb_row_frame_wrap tf_overflow tf_abs\" data-lazy=\"1\"><span class=\"tb_row_frame tb_row_frame_top  tf_abs tf_hide tf_overflow tf_w\"><\/span><\/span>            <div class=\"row_inner col_align_top tb_col_count_1 tf_box tf_rel\">\n                        <div  data-lazy=\"1\" class=\"module_column tb-column col-full tb_veb3650 first\">\n                    <!-- module text -->\n<div  class=\"module module-text tb_u0du603   \" data-lazy=\"1\">\n        <div  class=\"tb_text_wrap\">\n        <h2 style=\"text-align: left;\"><span style=\"color: #999999;\"><span style=\"color: #000000;\">virtual walk among the <span style=\"color: #999999;\">memorial plaques<\/span> of fallen fighters<\/span><\/span><\/h2>    <\/div>\n<\/div>\n<!-- \/module text --><!-- module text -->\n<div  class=\"module module-text tb_t0y8205   \" data-lazy=\"1\">\n        <div  class=\"tb_text_wrap\">\n        <p>The memorial plaques seen here are the third or fourth in a row of production, installed in 2018 and photographed shortly after their installation. At the moment, they are all destroyed. Source: private collection of Sulejman Demirovi\u0107.<\/p>    <\/div>\n<\/div>\n<!-- \/module text --><!-- module plain text -->\n<div  class=\"module module-plain-text tb_kpsc275 \" data-lazy=\"1\">\n        <div class=\"tb_text_wrap\">\n    <div class=\"index-tag-abc\"> <a href=\"\/en\/ploce-a\/\">A<\/a> <a href=\"\/en\/ploce-b\/\">B<\/a> <a href=\"\/en\/ploce-c\/\">C<\/a> <a href=\"\/en\/ploce-c-4\/\">\u010c<\/a> <a href=\"\/en\/ploce-c-2\/\">\u0106<\/a> <a href=\"\/en\/ploce-d\/\">D<\/a> <a href=\"\/en\/ploce-dz\/\">D\u017e<\/a> <a href=\"\/en\/ploce-d-3\/\">\u0110<\/a> <a href=\"\/en\/ploce-e\/\">E<\/a> <a href=\"\/en\/ploce-f\/\">F<\/a> <a href=\"\/en\/ploce-g\/\">G<\/a> <a href=\"\/en\/ploce-h\/\">H<\/a> <a href=\"\/en\/ploce-i\/\">I<\/a> <a href=\"\/en\/ploce-j\/\">J<\/a> <a href=\"\/en\/ploce-k\/\">K<\/a> <a href=\"\/en\/ploce-l\/\">L<\/a> <a href=\"\/en\/ploce-lj\/\">Lj<\/a> <a href=\"\/en\/ploce-m\/\">M<\/a> <a href=\"\/en\/ploce-n\/\">N<\/a> <a href=\"\/en\/ploce-nj\/\">Nj<\/a> <a href=\"\/en\/ploce-o\/\">O<\/a> <a href=\"\/en\/ploce-p\/\">P<\/a> <a href=\"\/en\/ploce-r\/\">R<\/a> <a href=\"\/en\/ploce-s\/\">S<\/a> <a href=\"\/en\/ploce-s-3\/\">\u0160<\/a> <a href=\"\/en\/ploce-t\/\">T<\/a> <a href=\"\/en\/ploce-u\/\">U<\/a> <a href=\"\/en\/ploce-v\/\">V<\/a> <a href=\"\/en\/ploce-z\/\">Z<\/a> <a href=\"\/en\/ploce-z-3\/\">\u017d<\/a> <\/div>\n    <\/div>\n<\/div>\n<!-- \/module plain text -->        <div  data-lazy=\"1\" class=\"module_subrow themify_builder_sub_row tf_w col_align_top tb_col_count_1 tb_dqa6156\">\n                <div  data-lazy=\"1\" class=\"module_column sub_column col-full tb_mwwk051 first\">\n                            <\/div>\n                    <\/div>\n                <\/div>\n                        <\/div>\n        <\/div>\n                        <div  data-css_id=\"fmlk444\" data-lazy=\"1\" class=\"module_row themify_builder_row fullwidth_row_container tb_fmlk444 tf_w\">\n            <span class=\"tb_row_frame_wrap tf_overflow tf_abs\" data-lazy=\"1\"><span class=\"tb_row_frame tb_row_frame_bottom  tf_abs tf_hide tf_overflow tf_w\"><\/span><\/span>            <div class=\"row_inner col_align_top tb_col_count_1 tf_box tf_rel\">\n                        <div  data-lazy=\"1\" class=\"module_column tb-column col-full tb_0n7h444 first\">\n                    <!-- module plain text -->\n<div  class=\"module module-plain-text tb_ihlm821 ploce_holder\" data-lazy=\"1\">\n        <div class=\"tb_text_wrap\">\n    <div class=\"partizan-post\"><a href=\"https:\/\/partizansko.info\/en\/partizan\/nikola-m-abramovic\/\"><img decoding=\"async\" alt=\"Ploca partizana Nikola M. ABRAMOVI\u0106\" src=\"http:\/\/partizansko.info\/wp-content\/uploads\/2023\/05\/Abramovic-Nikola-IMG_3286-rotated.jpg\" alt=\"Nikola M. ABRAMOVI\u0106\"><h2>Nikola M. ABRAMOVI\u0106<\/h2><p>(1905. Dabar \u2013 1941. Gospi\u0107)<\/p><\/a><\/div><div class=\"partizan-post\"><a href=\"https:\/\/partizansko.info\/en\/partizan\/mihajlo-m-ahac\/\"><img decoding=\"async\" alt=\"Ploca partizana Mihajlo M. AHAC\" src=\"http:\/\/partizansko.info\/wp-content\/uploads\/2023\/05\/Ahac-Mihajlo-IMG_3287-rotated.jpg\" alt=\"Mihajlo M. AHAC\"><h2>Mihajlo M. AHAC<\/h2><p>(1924. Mostar \u2013 1943. Krekovica)<\/p><\/a><\/div><div class=\"partizan-post\"><a href=\"https:\/\/partizansko.info\/en\/partizan\/ljuban-m-ajvaz\/\"><img decoding=\"async\" alt=\"Ploca partizana Ljuban M. AJVAZ\" src=\"http:\/\/partizansko.info\/wp-content\/uploads\/2023\/05\/Ajvaz-Ljuban-IMG_3289-rotated.jpg\" alt=\"Ljuban M. AJVAZ\"><h2>Ljuban M. AJVAZ<\/h2><p>(1907. Mostar \u2013 1941. Lepoglava)<\/p><\/a><\/div><div class=\"partizan-post\"><a href=\"https:\/\/partizansko.info\/en\/partizan\/dimitrije-d-ajvaz\/\"><img decoding=\"async\" alt=\"Ploca partizana Dimitrije \u0110. AJVAZ\" src=\"http:\/\/partizansko.info\/wp-content\/uploads\/2023\/05\/Ajvaz-Dimitrije-IMG_3288-rotated.jpg\" alt=\"Dimitrije \u0110. AJVAZ\"><h2>Dimitrije \u0110. AJVAZ<\/h2><p>(1920. Mostar \u2013 1941. Caprag)<\/p><\/a><\/div><div class=\"partizan-post\"><a href=\"https:\/\/partizansko.info\/en\/partizan\/petar-r-aksam\/\"><img decoding=\"async\" alt=\"Prazna ploca\" src=\"http:\/\/partizansko.info\/wp-content\/uploads\/2023\/06\/prazna-ploca.jpg\"\/><h2>Petar R. AK\u0160AM<\/h2><p>(1907. Mostar - 1943. Strigovi)<\/p><\/a><\/div><div class=\"partizan-post\"><a href=\"https:\/\/partizansko.info\/en\/partizan\/marko-alagic\/\"><img decoding=\"async\" alt=\"Ploca partizana Marko ALAGI\u0106\" src=\"http:\/\/partizansko.info\/wp-content\/uploads\/2023\/05\/Alagic-Marko-IMG_3291-rotated.jpg\" alt=\"Marko ALAGI\u0106\"><h2>Marko ALAGI\u0106<\/h2><p>(???? Nevesinje \u2013 1941. Mostar)<\/p><\/a><\/div><div class=\"partizan-post\"><a href=\"https:\/\/partizansko.info\/en\/partizan\/aleksandar-m-alagic\/\"><img decoding=\"async\" alt=\"Ploca partizana Aleksandar M. ALAGI\u0106\" src=\"http:\/\/partizansko.info\/wp-content\/uploads\/2023\/05\/Alagic-Aleksandar-IMG_3290-rotated.jpg\" alt=\"Aleksandar M. ALAGI\u0106\"><h2>Aleksandar M. ALAGI\u0106<\/h2><p>(1923. Gospi\u0107 \u2013 1943. Bijela)<\/p><\/a><\/div><div class=\"partizan-post\"><a href=\"https:\/\/partizansko.info\/en\/partizan\/sulejman-i-alendar\/\"><img decoding=\"async\" alt=\"Prazna ploca\" src=\"http:\/\/partizansko.info\/wp-content\/uploads\/2023\/06\/prazna-ploca.jpg\"\/><h2>Sulejman I. ALENDAR<\/h2><p>(1911. Ljubu\u0161ki - 1945. Sarajevo) <\/p><\/a><\/div><div class=\"partizan-post\"><a href=\"https:\/\/partizansko.info\/en\/partizan\/munta-s-alic\/\"><img decoding=\"async\" alt=\"Ploca partizana Munta S. ALI\u0106\" src=\"http:\/\/partizansko.info\/wp-content\/uploads\/2023\/05\/Alic-Munta-IMG_3293-rotated.jpg\" alt=\"Munta S. ALI\u0106\"><h2>Munta S. ALI\u0106<\/h2><p>(1922. Mostar \u2013 1945. Jasenovac)<\/p><\/a><\/div><div class=\"partizan-post\"><a href=\"https:\/\/partizansko.info\/en\/partizan\/mustafa-m-alikalfic\/\"><img decoding=\"async\" alt=\"Ploca partizana Mustafa M. ALIKALFI\u0106\" src=\"http:\/\/partizansko.info\/wp-content\/uploads\/2023\/05\/Alikalfic-Mustafa-IMG_3294-rotated.jpg\" alt=\"Mustafa M. ALIKALFI\u0106\"><h2>Mustafa M. ALIKALFI\u0106<\/h2><p>(1920. Mostar \u2013 1943. Prozor)<\/p><\/a><\/div><div class=\"partizan-post\"><a href=\"https:\/\/partizansko.info\/en\/partizan\/mustafa-h-alikalfic\/\"><img decoding=\"async\" alt=\"Ploca partizana Mustafa H. ALIKALFI\u0106\" src=\"http:\/\/partizansko.info\/wp-content\/uploads\/2023\/05\/Alikalfic-Mustafa-H-IMG_3295-rotated.jpg\" alt=\"Mustafa H. ALIKALFI\u0106\"><h2>Mustafa H. ALIKALFI\u0106<\/h2><p> (1905. Mostar \u2013 1945. Jasenovac)<\/p><\/a><\/div><div class=\"partizan-post\"><a href=\"https:\/\/partizansko.info\/en\/partizan\/ibrahim-o-alikalfic\/\"><img decoding=\"async\" alt=\"Ploca partizana Ibrahim O. ALIKALFI\u0106\" src=\"http:\/\/partizansko.info\/wp-content\/uploads\/2023\/05\/Alikalfic-Ibrahim-IMG_3296-rotated.jpg\" alt=\"Ibrahim O. ALIKALFI\u0106\"><h2>Ibrahim O. ALIKALFI\u0106<\/h2><p>(1920. Mostar \u2013 1942. Borci)<\/p><\/a><\/div><div class=\"partizan-post\"><a href=\"https:\/\/partizansko.info\/en\/partizan\/herman-a-altkorn\/\"><img decoding=\"async\" alt=\"Ploca partizana Herman A. ALTKORN\" src=\"http:\/\/partizansko.info\/wp-content\/uploads\/2023\/05\/Altkorn-Herman-IMG_3297-rotated.jpg\" alt=\"Herman A. ALTKORN\"><h2>Herman A. ALTKORN<\/h2><p>(1902. Mostar \u2013 1941. Jasenovac)<\/p><\/a><\/div><div class=\"partizan-post\"><a href=\"https:\/\/partizansko.info\/en\/partizan\/ivan-j-ambroz\/\"><img decoding=\"async\" alt=\"Ploca partizana Ivan J. AMBRO\u017d\" src=\"http:\/\/partizansko.info\/wp-content\/uploads\/2023\/05\/Ambroz-IvanIMG_3302-rotated.jpg\" alt=\"Ivan J. AMBRO\u017d\"><h2>Ivan J. AMBRO\u017d<\/h2><p>(???? Jesenice \u2013 1941. \u010citluk)<\/p><\/a><\/div><div class=\"partizan-post\"><a href=\"https:\/\/partizansko.info\/en\/partizan\/jovo-c-andric\/\"><img decoding=\"async\" alt=\"Ploca partizana Jovo \u0106. ANDRI\u0106\" src=\"http:\/\/partizansko.info\/wp-content\/uploads\/2023\/05\/Andric-Jovo-IMG_3298-rotated.jpg\" alt=\"Jovo \u0106. ANDRI\u0106\"><h2>Jovo \u0106. ANDRI\u0106<\/h2><p>(1924. Pijesci \u2013 1942. Brata\u010d)<\/p><\/a><\/div><div class=\"partizan-post\"><a href=\"https:\/\/partizansko.info\/en\/partizan\/maksim-n-andric\/\"><img decoding=\"async\" alt=\"Prazna ploca\" src=\"http:\/\/partizansko.info\/wp-content\/uploads\/2023\/06\/prazna-ploca.jpg\"\/><h2>Maksim N. ANDRI\u0106<\/h2><p>(1911. Pijesci - 1941. Mostar)<\/p><\/a><\/div><div class=\"partizan-post\"><a href=\"https:\/\/partizansko.info\/en\/partizan\/mirko-v-andric\/\"><img decoding=\"async\" alt=\"Ploca partizana Mirko V. ANDRI\u0106\" src=\"http:\/\/partizansko.info\/wp-content\/uploads\/2023\/05\/Andric-Mirko-IMG_3303-rotated.jpg\" alt=\"Mirko V. ANDRI\u0106\"><h2>Mirko V. ANDRI\u0106<\/h2><p>(1918. Pijesci \u2013 1945. Kiseljak)<\/p><\/a><\/div><div class=\"partizan-post\"><a href=\"https:\/\/partizansko.info\/en\/partizan\/mara-r-andric\/\"><img decoding=\"async\" alt=\"Ploca partizana Mara R. ANDRI\u0106\" src=\"http:\/\/partizansko.info\/wp-content\/uploads\/2023\/05\/Andric-Mara-IMG_3301-rotated.jpg\" alt=\"Mara R. ANDRI\u0106\"><h2>Mara R. ANDRI\u0106<\/h2><p>(1924. Pijesci \u2013 1945. Konjic)<\/p><\/a><\/div><div class=\"partizan-post\"><a href=\"https:\/\/partizansko.info\/en\/partizan\/alija-s-arap\/\"><img decoding=\"async\" alt=\"Ploca partizana Alija S. ARAP\u00a0\" src=\"http:\/\/partizansko.info\/wp-content\/uploads\/2023\/05\/Arap-Alija-IMG_3299-rotated.jpg\" alt=\"Alija S. ARAP\u00a0\"><h2>Alija S. ARAP\u00a0<\/h2><p>(1926. Mostar \u2013 1944. Bradina)<\/p><\/a><\/div><div class=\"partizan-post\"><a href=\"https:\/\/partizansko.info\/en\/partizan\/nedzad-m-arpadzic\/\"><img decoding=\"async\" alt=\"Ploca partizana Ned\u017ead M. ARPAD\u017dI\u0106\u00a0\" src=\"http:\/\/partizansko.info\/wp-content\/uploads\/2023\/05\/Arpadzic-Nedzad-IMG_3304-rotated.jpg\" alt=\"Ned\u017ead M. ARPAD\u017dI\u0106\u00a0\"><h2>Ned\u017ead M. ARPAD\u017dI\u0106\u00a0<\/h2><p>(1926. Mostar \u2013 1944. Stara Gradi\u0161ka)<\/p><\/a><\/div><div class=\"partizan-post\"><a href=\"https:\/\/partizansko.info\/en\/partizan\/enver-s-arpadzic\/\"><img decoding=\"async\" alt=\"Ploca partizana Enver S. ARPAD\u017dI\u0106\" src=\"http:\/\/partizansko.info\/wp-content\/uploads\/2023\/05\/Arpadzic-Enver-IMG_3300-rotated.jpg\" alt=\"Enver S. ARPAD\u017dI\u0106\"><h2>Enver S. ARPAD\u017dI\u0106<\/h2><p>(1917. Mostar \u2013 1943. Drvar)<\/p><\/a><\/div><div class=\"partizan-post\"><a href=\"https:\/\/partizansko.info\/en\/partizan\/radmila-u-avdalovic\/\"><img decoding=\"async\" alt=\"Ploca partizana Radmila U. AVDALOVI\u0106\" src=\"http:\/\/partizansko.info\/wp-content\/uploads\/2023\/05\/Avdalovic-Radmila-IMG_3307-rotated.jpg\" alt=\"Radmila U. AVDALOVI\u0106\"><h2>Radmila U. AVDALOVI\u0106<\/h2><p>(1917. Mrkonji\u0107-Grad \u2013 1942. Rilje)<\/p><\/a><\/div><div class=\"partizan-post\"><a href=\"https:\/\/partizansko.info\/en\/partizan\/mladen-u-avdalovic\/\"><img decoding=\"async\" alt=\"Ploca partizana Mladen U. AVDALOVI\u0106\" src=\"http:\/\/partizansko.info\/wp-content\/uploads\/2023\/05\/Avdalovic-Mladen-IMG_3308-rotated.jpg\" alt=\"Mladen U. AVDALOVI\u0106\"><h2>Mladen U. AVDALOVI\u0106<\/h2><p>(1923. Nevesinje \u2013 1941. Svilajnac)<\/p><\/a><\/div><div class=\"partizan-post\"><a href=\"https:\/\/partizansko.info\/en\/partizan\/boro-u-avdalovic\/\"><img decoding=\"async\" alt=\"Ploca partizana Boro U. AVDALOVI\u0106\" src=\"http:\/\/partizansko.info\/wp-content\/uploads\/2023\/05\/Avdalovic-Boro-IMG_3305-rotated.jpg\" alt=\"Boro U. AVDALOVI\u0106\"><h2>Boro U. AVDALOVI\u0106<\/h2><p>(1913. Korita, Gacko \u2013 1942. Zagori\u010dani)<\/p><\/a><\/div>    <\/div>\n<\/div>\n<!-- \/module plain text -->        <\/div>\n                        <\/div>\n        <\/div>\n        <\/div>\n<!--\/themify_builder_content-->","protected":false},"excerpt":{"rendered":"","protected":false},"author":1,"featured_media":0,"parent":0,"menu_order":0,"comment_status":"closed","ping_status":"closed","template":"","meta":{"footnotes":""},"class_list":["post-11619","page","type-page","status-publish","hentry","has-post-title","has-post-date","has-post-category","has-post-tag","has-post-comment","has-post-author",""],"builder_content":"<h1>Memorial stones<\/h1>\n<h2 style=\"text-align: left;\">virtual walk among the memorial plaques of fallen fighters<\/h2>\n<p>The memorial plaques seen here are the third or fourth in a row of production, installed in 2018 and photographed shortly after their installation. At the moment, they are all destroyed. Source: private collection of Sulejman Demirovi\u0107.<\/p>\n<a href=\"\/en\/ploce-a\/\">A<\/a> <a href=\"\/en\/ploce-b\/\">B<\/a> <a href=\"\/en\/ploce-c\/\">C<\/a> <a href=\"\/en\/ploce-c-4\/\">\u010c<\/a> <a href=\"\/en\/ploce-c-2\/\">\u0106<\/a> <a href=\"\/en\/ploce-d\/\">D<\/a> <a href=\"\/en\/ploce-dz\/\">D\u017e<\/a> <a href=\"\/en\/ploce-d-3\/\">\u0110<\/a> <a href=\"\/en\/ploce-e\/\">E<\/a> <a href=\"\/en\/ploce-f\/\">F<\/a> <a href=\"\/en\/ploce-g\/\">G<\/a> <a href=\"\/en\/ploce-h\/\">H<\/a> <a href=\"\/en\/ploce-i\/\">I<\/a> <a href=\"\/en\/ploce-j\/\">J<\/a> <a href=\"\/en\/ploce-k\/\">K<\/a> <a href=\"\/en\/ploce-l\/\">L<\/a> <a href=\"\/en\/ploce-lj\/\">Lj<\/a> <a href=\"\/en\/ploce-m\/\">M<\/a> <a href=\"\/en\/ploce-n\/\">N<\/a> <a href=\"\/en\/ploce-nj\/\">Nj<\/a> <a href=\"\/en\/ploce-o\/\">O<\/a> <a href=\"\/en\/ploce-p\/\">P<\/a> <a href=\"\/en\/ploce-r\/\">R<\/a> <a href=\"\/en\/ploce-s\/\">S<\/a> <a href=\"\/en\/ploce-s-3\/\">\u0160<\/a> <a href=\"\/en\/ploce-t\/\">T<\/a> <a href=\"\/en\/ploce-u\/\">U<\/a> <a href=\"\/en\/ploce-v\/\">V<\/a> <a href=\"\/en\/ploce-z\/\">Z<\/a> <a href=\"\/en\/ploce-z-3\/\">\u017d<\/a>\n[partizan_posts category=\"A\"]","_links":{"self":[{"href":"https:\/\/partizansko.info\/en\/wp-json\/wp\/v2\/pages\/11619","targetHints":{"allow":["GET"]}}],"collection":[{"href":"https:\/\/partizansko.info\/en\/wp-json\/wp\/v2\/pages"}],"about":[{"href":"https:\/\/partizansko.info\/en\/wp-json\/wp\/v2\/types\/page"}],"author":[{"embeddable":true,"href":"https:\/\/partizansko.info\/en\/wp-json\/wp\/v2\/users\/1"}],"replies":[{"embeddable":true,"href":"https:\/\/partizansko.info\/en\/wp-json\/wp\/v2\/comments?post=11619"}],"version-history":[{"count":8,"href":"https:\/\/partizansko.info\/en\/wp-json\/wp\/v2\/pages\/11619\/revisions"}],"predecessor-version":[{"id":14233,"href":"https:\/\/partizansko.info\/en\/wp-json\/wp\/v2\/pages\/11619\/revisions\/14233"}],"wp:attachment":[{"href":"https:\/\/partizansko.info\/en\/wp-json\/wp\/v2\/media?parent=11619"}],"curies":[{"name":"wp","href":"https:\/\/api.w.org\/{rel}","templated":true}]}}